{"id":5674403,"date":"2018-11-06T09:08:14","date_gmt":"2018-11-06T08:08:14","guid":{"rendered":"https:\/\/czechrelocate.eu\/?page_id=5674403"},"modified":"2018-11-30T14:38:07","modified_gmt":"2018-11-30T13:38:07","slug":"pravni-ujednani","status":"publish","type":"page","link":"https:\/\/www.czechrelocate.eu\/cs\/pravni-ujednani\/","title":{"rendered":"Pr\u00e1vn\u00ed ujedn\u00e1n\u00ed"},"content":{"rendered":"<div class=\"wpb-content-wrapper\">[vc_row][vc_column css=&#8220;.vc_custom_1502450761306{padding-top: 0px !important;}&#8220;][vc_empty_space height=&#8220;90px&#8220; el_class=&#8220;norebro-phone-space&#8220;][\/vc_column][\/vc_row][vc_row full_height=&#8220;yes&#8220; columns_placement=&#8220;top&#8220;][vc_column]<div class=\"norebro-heading-sc heading text-left\"\n\tid=\"norebro-custom-69deba598a983\" \n\t \n\t>\n\t\n\t\t\t<p class=\"subtitle\">\n\t\t\tVIP Homes s.r.o.\t\t<\/p>\n\t\n\t\n\t<h3 class=\"title subtitle-top\">\n\t\tPrivacy Policy\t<\/h3>\n\n\t\n\t\t\n<\/div>[vc_empty_space height=&#8220;20px&#8220; el_class=&#8220;norebro-phone-space&#8220;]<div class=\"norebro-text-sc \" \n\tid=\"norebro-custom-69deba598aa4c\" \n\t \n\t>\n\n\t<p>V n\u00e1vaznosti na novelu z\u00e1kona\u00a0\u010d. 634\/1992 Sb., o&nbsp;ochran\u011b spot\u0159ebitele, kter\u00e1 nabyla \u00fa\u010dinnosti dne 1.&nbsp;2.&nbsp;2016, informujeme klienty VIP Homes s.r.o., kte\u0159\u00ed uzav\u00edraj\u00ed smlouvu o&nbsp;zprost\u0159edkov\u00e1n\u00ed slu\u017eeb nebo jinou obdobnou smlouvu, o&nbsp;pr\u00e1vu na mimosoudn\u00ed \u0159e\u0161en\u00ed spor\u016f. Dojde-li ke sporu, m\u00e1 spot\u0159ebitel pr\u00e1vo na jeho mimosoudn\u00ed \u0159e\u0161en\u00ed.\u00a0N\u00e1vrh na mimosoudn\u00ed \u0159e\u0161en\u00ed podle z\u00e1kona \u010d.&nbsp;634\/1992 Sb., o&nbsp;ochran\u011b spot\u0159ebitele, pod\u00e1 spot\u0159ebitel na \u010ceskou obchodn\u00ed inspekci. Ve\u0161ker\u00e9 podrobnosti k\u00a0mimosoudn\u00edmu \u0159e\u0161en\u00ed sporu jsou uvedeny na\u00a0str\u00e1nk\u00e1ch \u010cesk\u00e9 obchodn\u00ed inspekce\u00a0<a href=\"http:\/\/www.coi.cz\/\">www.coi.cz<\/a>.<\/p>\n\t\n<\/div>[vc_empty_space height=&#8220;20px&#8220; el_class=&#8220;norebro-phone-space&#8220;]<div class=\"norebro-text-sc \" \n\tid=\"norebro-custom-69deba598aac9\" \n\t \n\t>\n\n\t<p><strong>Pr\u00e1vn\u00ed ujedn\u00e1n\u00ed <\/strong><\/p>\n<p>Webov\u00e9 str\u00e1nky VIP Homes s.r.o. jsou pr\u016fb\u011b\u017en\u011b aktualizov\u00e1ny. Za p\u0159\u00edpadn\u00e9 nep\u0159esnosti (fotografie, p\u016fdorysy, mapy) \u010di&nbsp;ne\u00faplnosti publikovan\u00e9 na t\u011bchto str\u00e1nk\u00e1ch spole\u010dnost VIP Homes neodpov\u00edd\u00e1.<\/p>\n<p>Spole\u010dnost VIP Homes s.r.o. uchov\u00e1v\u00e1 a&nbsp;zpracov\u00e1v\u00e1 osobn\u00ed \u00fadaje klient\u016f v&nbsp;rozsahu, v&nbsp;jak\u00e9m j\u00ed byly klienty poskytnuty, a&nbsp;to i&nbsp;prost\u0159ednictv\u00edm sv\u00fdch zam\u011bstnanc\u016f a&nbsp;spolupracuj\u00edc\u00edch osob (realitn\u00edch makl\u00e9\u0159\u016f). S&nbsp;osobn\u00edmi \u00fadaji n\u00e1v\u0161t\u011bvn\u00edk\u016f t\u011bchto str\u00e1nek m\u00e1 spole\u010dnosti VIP Homes pr\u00e1vo disponovat podle z\u00e1kona o&nbsp;ochran\u011b osobn\u00edch \u00fadaj\u016f (z\u00e1k. \u010d.&nbsp;101\/2000 Sb. v&nbsp;platn\u00e9m zn\u011bn\u00ed).<\/p>\n\t\n<\/div>[vc_empty_space height=&#8220;90px&#8220; el_class=&#8220;norebro-phone-space&#8220;][\/vc_column][\/vc_row]\n<\/div>","protected":false},"excerpt":{"rendered":"<p>[vc_row][vc_column css=&#8220;.vc_custom_1502450761306{padding-top: 0px !important;}&#8220;][vc_empty_space height=&#8220;90px&#8220; el_class=&#8220;norebro-phone-space&#8220;][\/vc_column][\/vc_row][vc_row full_height=&#8220;yes&#8220; columns_placement=&#8220;top&#8220;][vc_column][vc_empty_space height=&#8220;20px&#8220; el_class=&#8220;norebro-phone-space&#8220;][vc_empty_space height=&#8220;20px&#8220; el_class=&#8220;norebro-phone-space&#8220;][vc_empty_space height=&#8220;90px&#8220; el_class=&#8220;norebro-phone-space&#8220;][\/vc_column][\/vc_row]<\/p>\n","protected":false},"author":2,"featured_media":0,"parent":0,"menu_order":0,"comment_status":"closed","ping_status":"closed","template":"","meta":{"inline_featured_image":false,"footnotes":""},"acf":[],"_links":{"self":[{"href":"https:\/\/www.czechrelocate.eu\/cs\/wp-json\/wp\/v2\/pages\/5674403"}],"collection":[{"href":"https:\/\/www.czechrelocate.eu\/cs\/wp-json\/wp\/v2\/pages"}],"about":[{"href":"https:\/\/www.czechrelocate.eu\/cs\/wp-json\/wp\/v2\/types\/page"}],"author":[{"embeddable":true,"href":"https:\/\/www.czechrelocate.eu\/cs\/wp-json\/wp\/v2\/users\/2"}],"replies":[{"embeddable":true,"href":"https:\/\/www.czechrelocate.eu\/cs\/wp-json\/wp\/v2\/comments?post=5674403"}],"version-history":[{"count":0,"href":"https:\/\/www.czechrelocate.eu\/cs\/wp-json\/wp\/v2\/pages\/5674403\/revisions"}],"wp:attachment":[{"href":"https:\/\/www.czechrelocate.eu\/cs\/wp-json\/wp\/v2\/media?parent=5674403"}],"curies":[{"name":"wp","href":"https:\/\/api.w.org\/{rel}","templated":true}]}}