{"id":5674114,"date":"2018-06-27T09:53:33","date_gmt":"2018-06-27T07:53:33","guid":{"rendered":"https:\/\/czechrelocate.eu\/?page_id=5674114"},"modified":"2023-11-28T12:41:11","modified_gmt":"2023-11-28T11:41:11","slug":"magazin","status":"publish","type":"page","link":"https:\/\/www.czechrelocate.eu\/cs\/magazin\/","title":{"rendered":"Magaz\u00edn"},"content":{"rendered":"<div class=\"wpb-content-wrapper\">[vc_row full_width=&#8220;stretch_row_content_no_spaces&#8220;][vc_column]\n\t\t\t<!-- START Magaz\u00edn REVOLUTION SLIDER 6.6.18 --><p class=\"rs-p-wp-fix\"><\/p>\n\t\t\t<rs-module-wrap id=\"rev_slider_2_1_wrapper\" data-source=\"gallery\" style=\"visibility:hidden;background:transparent;padding:0;margin:0px auto;margin-top:0;margin-bottom:0;\">\n\t\t\t\t<rs-module id=\"rev_slider_2_1\" style=\"\" data-version=\"6.6.18\">\n\t\t\t\t\t<rs-slides style=\"overflow: hidden; position: absolute;\">\n\t\t\t\t\t\t<rs-slide style=\"position: absolute;\" data-key=\"rs-2\" data-title=\"Slide\" data-anim=\"adpr:false;\" data-in=\"o:0;\" data-out=\"a:false;\">\n\t\t\t\t\t\t\t<img decoding=\"async\" src=\"\/\/www.czechrelocate.eu\/wp-content\/plugins\/revslider\/public\/assets\/assets\/dummy.png\" alt=\"\" title=\"Magaz\u00edn\" class=\"rev-slidebg tp-rs-img rs-lazyload\" data-lazyload=\"\/\/img.youtube.com\/vi\/MRGv2TY6S_o\/maxresdefault.jpg\" data-no-retina>\n\t\t\t\t\t\t\t<rs-bgvideo \n\t\t\t\t\t\t\t\tdata-video=\"vc:none;w:100%;h:100%;sta:00:16;end:01:40;nse:false;l:loopandnoslidestop;ptimer:false;\"\n\t\t\t\t\t\t\t\tdata-ytid=\"MRGv2TY6S_o\"\n\t\t\t\t\t\t\t\tdata-vatr=\"version=3&amp;enablejsapi=1&amp;html5=1&amp;hd=1&amp;wmode=opaque&amp;showinfo=0&amp;rel=0&amp;origin=https:\/\/www.czechrelocate.eu;\"\n\t\t\t\t\t\t\t><\/rs-bgvideo>\n<!--\n\t\t\t\t\t\t\t--><rs-layer\n\t\t\t\t\t\t\t\tid=\"slider-2-slide-2-layer-1\" \n\t\t\t\t\t\t\t\tdata-type=\"text\"\n\t\t\t\t\t\t\t\tdata-rsp_ch=\"on\"\n\t\t\t\t\t\t\t\tdata-xy=\"xo:0,0,30px,30px;y:t,t,b,b;yo:160px,160px,80px,30px;\"\n\t\t\t\t\t\t\t\tdata-text=\"s:60,60,60,40;l:70;fw:700;a:inherit;\"\n\t\t\t\t\t\t\t\tdata-dim=\"w:600px,600px,600px,400px;h:62px;\"\n\t\t\t\t\t\t\t\tdata-frame_1=\"sR:10;\"\n\t\t\t\t\t\t\t\tdata-frame_999=\"o:0;st:w;sR:8690;\"\n\t\t\t\t\t\t\t\tstyle=\"z-index:6;font-family:'Poppins';\"\n\t\t\t\t\t\t\t>Novinky \n\t\t\t\t\t\t\t<\/rs-layer><!--\n\n\t\t\t\t\t\t\t--><rs-layer\n\t\t\t\t\t\t\t\tid=\"slider-2-slide-2-layer-2\" \n\t\t\t\t\t\t\t\tdata-type=\"text\"\n\t\t\t\t\t\t\t\tdata-rsp_ch=\"on\"\n\t\t\t\t\t\t\t\tdata-xy=\"x:l,l,l,c;xo:0,0,30px,0;y:t,t,b,t;yo:240px,240px,15px,110px;\"\n\t\t\t\t\t\t\t\tdata-text=\"s:18;l:24;a:inherit;\"\n\t\t\t\t\t\t\t\tdata-dim=\"w:600px,600px,600px,400px;\"\n\t\t\t\t\t\t\t\tdata-vbility=\"t,t,t,f\"\n\t\t\t\t\t\t\t\tdata-frame_1=\"sR:10;\"\n\t\t\t\t\t\t\t\tdata-frame_999=\"o:0;st:w;sR:8690;\"\n\t\t\t\t\t\t\t\tstyle=\"z-index:7;font-family:'Open Sans';\"\n\t\t\t\t\t\t\t>P\u0159e\u010dt\u011bte si novinky a zpr\u00e1vy o tom, co se d\u011bje <br>ve sv\u011bt\u011b, cestov\u00e1n\u00ed bydlen\u00ed a pr\u00e1ce v zahrani\u010d\u00ed. \n\t\t\t\t\t\t\t<\/rs-layer><!--\n\n\t\t\t\t\t\t\t--><rs-layer\n\t\t\t\t\t\t\t\tid=\"slider-2-slide-2-layer-5\" \n\t\t\t\t\t\t\t\tclass=\"tp-shape tp-shapewrapper\"\n\t\t\t\t\t\t\t\tdata-type=\"shape\"\n\t\t\t\t\t\t\t\tdata-rsp_ch=\"on\"\n\t\t\t\t\t\t\t\tdata-xy=\"x:c;y:m;\"\n\t\t\t\t\t\t\t\tdata-text=\"a:inherit;\"\n\t\t\t\t\t\t\t\tdata-dim=\"w:3000px;h:500px;\"\n\t\t\t\t\t\t\t\tdata-frame_1=\"sR:10;\"\n\t\t\t\t\t\t\t\tdata-frame_999=\"o:0;st:w;sR:8690;\"\n\t\t\t\t\t\t\t\tstyle=\"z-index:5;background-color:rgba(0,0,0,0.3);\"\n\t\t\t\t\t\t\t> \n\t\t\t\t\t\t\t<\/rs-layer><!--\n-->\t\t\t\t\t\t<\/rs-slide>\n\t\t\t\t\t<\/rs-slides>\n\t\t\t\t<\/rs-module>\n\t\t\t\t<script>\n\t\t\t\t\tsetREVStartSize({c: 'rev_slider_2_1',rl:[1240,1024,778,480],el:[450,420,300,220],gw:[1296,1024,778,480],gh:[450,420,300,220],type:'hero',justify:'',layout:'fullwidth',mh:\"0\"});if (window.RS_MODULES!==undefined && window.RS_MODULES.modules!==undefined && window.RS_MODULES.modules[\"revslider21\"]!==undefined) {window.RS_MODULES.modules[\"revslider21\"].once = false;window.revapi2 = undefined;if (window.RS_MODULES.checkMinimal!==undefined) window.RS_MODULES.checkMinimal()}\n\t\t\t\t<\/script>\n\t\t\t\t<script src=\"https:\/\/www.youtube.com\/iframe_api\"><\/script>\n\t\t\t<\/rs-module-wrap>\n\t\t\t<!-- END REVOLUTION SLIDER -->\n[\/vc_column][\/vc_row][vc_row][vc_column][vc_empty_space height=&#8220;100px&#8220; el_class=&#8220;norebro-phone-space&#8220;]<div class=\"norebro-recent-posts-sc vc_row blog-posts-masonry\" \n\tid=\"norebro-custom-69ef754e4d5c8\"\n\t \n\t>\n\n\t<div class=\"norebro-masonry\" data-lazy-container=\"posts\"><div class=\" vc_col-lg-12 vc_col-md-12 vc_col-sm-12 vc_col-xs-12 blog-post-masonry masonry-block post-offset norebro-card-wrapper grid-item\" data-lazy-item=\"\" data-lazy-scope=\"posts\"><div  data-aos-once=\"true\" data-aos=\"fade-up\">\n<div class=\"blog-grid grid-5 \"  data-aos-once=&quot;true&quot; data-aos=&quot;fade-up&quot;>\n\n\t<footer>\n\t\t\t\t<span class=\"author\">VIP Homes<\/span>\n\t\t<strong>&mdash;<\/strong>\n\t\t\t\t\t\t<span class=\"data\">14. 8. 2018<\/span>\n\t\t\t<\/footer>\n\n\t<header>\n\t\t\t\t<a href=\"https:\/\/www.czechrelocate.eu\/cs\/letuska-pristala-blizko-domu\/\">\n\t\t\t<img decoding=\"async\" src=\"https:\/\/www.czechrelocate.eu\/wp-content\/uploads\/2018\/08\/letadlo-1000x1000.jpg\" alt=\"Letu\u0161ka p\u0159ist\u00e1la bl\u00edzko domu\">\n\t\t<\/a>\n\t\t\n\t\t\t\t<div class=\"tags\">\n\t\t\t\t\t\t\t<a class=\"tag brand-bg-color brand-border-color\" href=\"https:\/\/www.czechrelocate.eu\/cs\/category\/vip-homes\/\">\n\t\t\t\t\tVIP Homes\t\t\t\t<\/a>\n\t\t\t\t\t<\/div>\n\t\t\t<\/header>\n\n\t<div class=\"content\">\n\t\t<h3>\n\t\t\t\t\t\t<a href=\"https:\/\/www.czechrelocate.eu\/cs\/letuska-pristala-blizko-domu\/\">\n\t\t\t\tLetu\u0161ka p\u0159ist\u00e1la bl\u00edzko domu\t\t\t<\/a>\n\t\t<\/h3>\n\t\t\n\t\t<p>[vc_row][vc_column][vc_empty_space height=&#8220;60px&#8220;][vc_empty_space height=&#8220;25px&#8220;][\/vc_column][\/vc_row][vc_row][vc_column][\/vc_column][\/vc_&hellip;<\/p>\n\t\t\n\t\t<span class=\"plus ion-ios-plus-empty brand-color\"><\/span>\n\t<\/div>\n\n<\/div>\n<\/div><div class=\"clear\"><\/div><\/div><div class=\" vc_col-lg-12 vc_col-md-12 vc_col-sm-12 vc_col-xs-12 blog-post-masonry masonry-block post-offset norebro-card-wrapper grid-item\" data-lazy-item=\"\" data-lazy-scope=\"posts\"><div  data-aos-once=\"true\" data-aos=\"fade-up\">\n<div class=\"blog-grid grid-5 \"  data-aos-once=&quot;true&quot; data-aos=&quot;fade-up&quot;>\n\n\t<footer>\n\t\t\t\t<span class=\"author\">VIP Homes<\/span>\n\t\t<strong>&mdash;<\/strong>\n\t\t\t\t\t\t<span class=\"data\">27. 9. 2017<\/span>\n\t\t\t<\/footer>\n\n\t<header>\n\t\t\t\t<a href=\"https:\/\/www.czechrelocate.eu\/cs\/bydleni-pro-v-i-p\/\">\n\t\t\t<img decoding=\"async\" src=\"https:\/\/www.czechrelocate.eu\/wp-content\/uploads\/2017\/10\/praha-03-obr-04-1000x1000.jpg\" alt=\"Bydlen\u00ed pro V.I.P\">\n\t\t<\/a>\n\t\t\n\t\t\t\t<div class=\"tags\">\n\t\t\t\t\t\t\t<a class=\"tag brand-bg-color brand-border-color\" href=\"https:\/\/www.czechrelocate.eu\/cs\/category\/vip-homes\/\">\n\t\t\t\t\tVIP Homes\t\t\t\t<\/a>\n\t\t\t\t\t<\/div>\n\t\t\t<\/header>\n\n\t<div class=\"content\">\n\t\t<h3>\n\t\t\t\t\t\t<a href=\"https:\/\/www.czechrelocate.eu\/cs\/bydleni-pro-v-i-p\/\">\n\t\t\t\tBydlen\u00ed pro V.I.P\t\t\t<\/a>\n\t\t<\/h3>\n\t\t\n\t\t<p>[vc_row][vc_column][vc_empty_space height=&#8220;25px&#8220;][\/vc_column][\/vc_row][vc_row][vc_column][\/vc_column][\/vc_row]<\/p>\n\t\t\n\t\t<span class=\"plus ion-ios-plus-empty brand-color\"><\/span>\n\t<\/div>\n\n<\/div>\n<\/div><div class=\"clear\"><\/div><\/div><\/div>\t\n<\/div>[vc_empty_space height=&#8220;50px&#8220;][\/vc_column][\/vc_row][vc_row full_width=&#8220;stretch_row_content_no_spaces&#8220;][vc_column css=&#8220;.vc_custom_1522398999828{padding-top: 0px !important;}&#8220;]<div class=\"norebro-socialbar-sc socialbar  text-center boxed social-column-3 default\" \n\tid=\"norebro-custom-69ef754e4ee6d\" \n\t \n\t>\n\n\t\t\t<a href=\"https:\/\/twitter.com\/intent\/tweet?text=https:\/\/www.czechrelocate.eu\/cs\/bydleni-pro-v-i-p\/\" target=\"_blank\" class=\"twitter\">\n\t\t\t\t\t\t<i class=\"fab fa-x-twitter\"><\/i>\n\t\t\t\t\t\t\t\t\t<span class=\"social-text\">Twitter<\/span>\n\t\t\t\t\t<\/a>\n\t\n\t\t\t<a href=\"https:\/\/www.facebook.com\/sharer\/sharer.php?u=https:\/\/www.czechrelocate.eu\/cs\/bydleni-pro-v-i-p\/\" target=\"_blank\" class=\"facebook\">\n\t\t\t\t\t\t<i class=\"fab fa-facebook\"><\/i>\n\t\t\t\t\t\t\t\t\t<span class=\"social-text\">Facebook<\/span>\n\t\t\t\t\t<\/a>\n\t\n\t\n\t\n\t\n\t\t\t<a href=\"http:\/\/pinterest.com\/pin\/create\/button\/?url=https%3A%2F%2Fwww.czechrelocate.eu%2Fcs%2Fbydleni-pro-v-i-p%2F&description=title\" target=\"_blank\" class=\"pinterest\">\n\t\t\t\t\t\t<i class=\"fab fa-pinterest-p\"><\/i>\n\t\t\t\t\t\t\t\t\t<span class=\"social-text\">Pinterest<\/span>\n\t\t\t\t\t<\/a>\n\t\n\t\n\t\n\t\n\t\n\t\n\t\n\t\n\t\n\t\n\t\n\t\n\t\n\t<\/div>[\/vc_column][\/vc_row]\n<\/div>","protected":false},"excerpt":{"rendered":"<p>[vc_row full_width=&#8220;stretch_row_content_no_spaces&#8220;][vc_column][\/vc_column][\/vc_row][vc_row][vc_column][vc_empty_space height=&#8220;100px&#8220; el_class=&#8220;norebro-phone-space&#8220;][vc_empty_space height=&#8220;50px&#8220;][\/vc_column][\/vc_row][vc_row full_width=&#8220;stretch_row_content_no_spaces&#8220;][vc_column css=&#8220;.vc_custom_1522398999828{padding-top: 0px !important;}&#8220;][\/vc_column][\/vc_row]<\/p>\n","protected":false},"author":2,"featured_media":0,"parent":0,"menu_order":0,"comment_status":"closed","ping_status":"closed","template":"","meta":{"inline_featured_image":false,"footnotes":""},"acf":[],"_links":{"self":[{"href":"https:\/\/www.czechrelocate.eu\/cs\/wp-json\/wp\/v2\/pages\/5674114"}],"collection":[{"href":"https:\/\/www.czechrelocate.eu\/cs\/wp-json\/wp\/v2\/pages"}],"about":[{"href":"https:\/\/www.czechrelocate.eu\/cs\/wp-json\/wp\/v2\/types\/page"}],"author":[{"embeddable":true,"href":"https:\/\/www.czechrelocate.eu\/cs\/wp-json\/wp\/v2\/users\/2"}],"replies":[{"embeddable":true,"href":"https:\/\/www.czechrelocate.eu\/cs\/wp-json\/wp\/v2\/comments?post=5674114"}],"version-history":[{"count":10,"href":"https:\/\/www.czechrelocate.eu\/cs\/wp-json\/wp\/v2\/pages\/5674114\/revisions"}],"predecessor-version":[{"id":5674712,"href":"https:\/\/www.czechrelocate.eu\/cs\/wp-json\/wp\/v2\/pages\/5674114\/revisions\/5674712"}],"wp:attachment":[{"href":"https:\/\/www.czechrelocate.eu\/cs\/wp-json\/wp\/v2\/media?parent=5674114"}],"curies":[{"name":"wp","href":"https:\/\/api.w.org\/{rel}","templated":true}]}}