{"id":5674084,"date":"2017-11-13T07:47:33","date_gmt":"2017-11-13T07:47:33","guid":{"rendered":"https:\/\/norebro.colabr.io\/demo-uploads\/team-agency\/?page_id=7"},"modified":"2023-11-28T12:29:49","modified_gmt":"2023-11-28T11:29:49","slug":"team","status":"publish","type":"page","link":"https:\/\/www.czechrelocate.eu\/cs\/team\/","title":{"rendered":"N\u00e1\u0161 t\u00fdm"},"content":{"rendered":"<div class=\"wpb-content-wrapper\">[vc_row full_width=&#8220;stretch_row_content_no_spaces&#8220;][vc_column]\n\t\t\t<!-- START O n\u00e1s REVOLUTION SLIDER 6.6.18 --><p class=\"rs-p-wp-fix\"><\/p>\n\t\t\t<rs-module-wrap id=\"rev_slider_4_1_wrapper\" data-source=\"gallery\" style=\"visibility:hidden;background:transparent;padding:0;margin:0px auto;margin-top:0;margin-bottom:0;\">\n\t\t\t\t<rs-module id=\"rev_slider_4_1\" style=\"\" data-version=\"6.6.18\">\n\t\t\t\t\t<rs-slides style=\"overflow: hidden; position: absolute;\">\n\t\t\t\t\t\t<rs-slide style=\"position: absolute;\" data-key=\"rs-4\" data-title=\"Slide\" data-anim=\"adpr:false;\" data-in=\"o:0;\" data-out=\"a:false;\">\n\t\t\t\t\t\t\t<img decoding=\"async\" src=\"\/\/www.czechrelocate.eu\/wp-content\/plugins\/revslider\/public\/assets\/assets\/dummy.png\" alt=\"\" title=\"N\u00e1\u0161 t\u00fdm\" class=\"rev-slidebg tp-rs-img rs-lazyload\" data-lazyload=\"\/\/czechrelocate.eu\/wp-content\/uploads\/2017\/11\/nor__header__12__min.jpg\" data-no-retina>\n<!--\n\t\t\t\t\t\t\t--><rs-layer\n\t\t\t\t\t\t\t\tid=\"slider-4-slide-4-layer-1\" \n\t\t\t\t\t\t\t\tdata-type=\"text\"\n\t\t\t\t\t\t\t\tdata-rsp_ch=\"on\"\n\t\t\t\t\t\t\t\tdata-xy=\"xo:0,0,30px,30px;y:t,t,b,b;yo:160px,160px,80px,30px;\"\n\t\t\t\t\t\t\t\tdata-text=\"s:60;l:70;fw:700;a:inherit;\"\n\t\t\t\t\t\t\t\tdata-dim=\"w:600px;h:62px;\"\n\t\t\t\t\t\t\t\tdata-frame_1=\"sR:10;\"\n\t\t\t\t\t\t\t\tdata-frame_999=\"o:0;st:w;sR:8690;\"\n\t\t\t\t\t\t\t\tstyle=\"z-index:6;font-family:'Poppins';\"\n\t\t\t\t\t\t\t>O n\u00e1s \n\t\t\t\t\t\t\t<\/rs-layer><!--\n\n\t\t\t\t\t\t\t--><rs-layer\n\t\t\t\t\t\t\t\tid=\"slider-4-slide-4-layer-2\" \n\t\t\t\t\t\t\t\tdata-type=\"text\"\n\t\t\t\t\t\t\t\tdata-rsp_ch=\"on\"\n\t\t\t\t\t\t\t\tdata-xy=\"xo:0,0,30px,30px;y:t,t,b,b;yo:240px,240px,15px,15px;\"\n\t\t\t\t\t\t\t\tdata-text=\"s:18;l:24;a:inherit;\"\n\t\t\t\t\t\t\t\tdata-dim=\"w:600px;\"\n\t\t\t\t\t\t\t\tdata-vbility=\"t,t,t,f\"\n\t\t\t\t\t\t\t\tdata-frame_1=\"sR:10;\"\n\t\t\t\t\t\t\t\tdata-frame_999=\"o:0;st:w;sR:8690;\"\n\t\t\t\t\t\t\t\tstyle=\"z-index:7;font-family:'Open Sans';\"\n\t\t\t\t\t\t\t>Seznamte se s na\u0161\u00ed spole\u010dnost\u00ed \u2013 s na\u0161imi \u00fasp\u011bchy, veden\u00edm <br>i zp\u016fsobem, jak vn\u00edm\u00e1me spole\u010denskou odpov\u011bdnost. \n\t\t\t\t\t\t\t<\/rs-layer><!--\n\n\t\t\t\t\t\t\t--><rs-layer\n\t\t\t\t\t\t\t\tid=\"slider-4-slide-4-layer-3\" \n\t\t\t\t\t\t\t\tclass=\"tp-shape tp-shapewrapper\"\n\t\t\t\t\t\t\t\tdata-type=\"shape\"\n\t\t\t\t\t\t\t\tdata-rsp_ch=\"on\"\n\t\t\t\t\t\t\t\tdata-xy=\"x:c;y:m;\"\n\t\t\t\t\t\t\t\tdata-text=\"a:inherit;\"\n\t\t\t\t\t\t\t\tdata-dim=\"w:3000px;h:500px;\"\n\t\t\t\t\t\t\t\tdata-frame_1=\"sR:10;\"\n\t\t\t\t\t\t\t\tdata-frame_999=\"o:0;st:w;sR:8690;\"\n\t\t\t\t\t\t\t\tstyle=\"z-index:5;background-color:rgba(0,0,0,0.3);\"\n\t\t\t\t\t\t\t> \n\t\t\t\t\t\t\t<\/rs-layer><!--\n-->\t\t\t\t\t\t<\/rs-slide>\n\t\t\t\t\t<\/rs-slides>\n\t\t\t\t<\/rs-module>\n\t\t\t\t<script>\n\t\t\t\t\tsetREVStartSize({c: 'rev_slider_4_1',rl:[1240,1024,778,480],el:[450,420,300,220],gw:[1296,1024,778,480],gh:[450,420,300,220],type:'hero',justify:'',layout:'fullwidth',mh:\"0\"});if (window.RS_MODULES!==undefined && window.RS_MODULES.modules!==undefined && window.RS_MODULES.modules[\"revslider41\"]!==undefined) {window.RS_MODULES.modules[\"revslider41\"].once = false;window.revapi4 = undefined;if (window.RS_MODULES.checkMinimal!==undefined) window.RS_MODULES.checkMinimal()}\n\t\t\t\t<\/script>\n\t\t\t<\/rs-module-wrap>\n\t\t\t<!-- END REVOLUTION SLIDER -->\n[vc_empty_space height=&#8220;90px&#8220;][\/vc_column][\/vc_row][vc_row full_width=&#8220;stretch_row&#8220; equal_height=&#8220;yes&#8220; side_background_title_alignment=&#8220;right&#8220; side_background_title=&#8220;\/N\u00e1\u0161_t\u00fdm&#8220; side_background_title_color=&#8220;#f5f5f5&#8243; side_background_title_typo=&#8220;font_size~100||letter_spacing~-1||weight~600&#8243;][vc_column css=&#8220;.vc_custom_1503403735929{padding-top: 0px !important;}&#8220;]<div class=\"norebro-heading-sc heading nor-heading-xs text-left\"\n\tid=\"norebro-custom-69ef7810e98d2\" \n\t \n\t>\n\t\n\t\t\t<p class=\"subtitle\">\n\t\t\tVIP Homes\t\t<\/p>\n\t\n\t\n\t<h3 class=\"title subtitle-top\">\n\t\tN\u00e1\u0161 t\u00fdm\t<\/h3>\n\n\t\n\t\t\n<\/div>[vc_empty_space height=&#8220;20px&#8220;]<div class=\"norebro-text-sc \" \n\tid=\"norebro-custom-69ef7810e9994\" \n\t \n\t>\n\n\t<p style=\"text-align: justify;\">Zku\u0161en\u00ed a&nbsp;jazykov\u011b vybaven\u00ed (angli\u010dtina, n\u011bm\u010dina, francouz\u0161tina, ru\u0161tina) realitn\u00ed profesion\u00e1lov\u00e9 s&nbsp;nab\u00eddkou slu\u017eeb p\u0159izp\u016fsoben\u00fdch individu\u00e1ln\u00edm pot\u0159eb\u00e1m klienta jsou zde, aby v\u00e1s prov\u00e1zeli cel\u00fdm procesem p\u0159i&nbsp;realizaci bezprobl\u00e9mov\u00e9ho pron\u00e1jmu \u010di&nbsp;prodeje vybran\u00e9 nemovitosti.<\/p>\n\t\n<\/div>[vc_empty_space height=&#8220;50px&#8220;][vc_row_inner][vc_column_inner width=&#8220;1\/3&#8243;]<div class=\"norebro-team-member-sc team-member\"\n\tid=\"norebro-custom-69ef7810e9ac6\"\n\t\t>\n\n\t<div class=\"image-wrap\">\n\t\t\t\t\t<img decoding=\"async\" src=\"https:\/\/www.czechrelocate.eu\/wp-content\/uploads\/2018\/08\/nor__team_color_02__min-2.jpg\" alt=\"M\u00e1ria Mihinov\u00e1\">\n\t\t\t\t<div class=\"overlay\">\n\t\t\t<div class=\"content-center\">\n\t\t\t\t<div class=\"wrap\">\n\t\t\t\t\t\t\t\t\t\t\t<div class=\"socialbar small default\">\n\t\t\t\t\t\t\t\t\t\t\t\t\t\t\t\t\t\t\t\t\t\t\t\t\t\t\t\t\t\t\t\t\t\t\t\t\t\t\t\t\t\t\t\t\t\t\t\t\t\t\t\t\t\t\t\t\t\t\t\t\t\t\t\t\t\t\t\t\t\t\t\t\t\t\t\t\t\t\t\t\t\t\t\t\t\t\t\t\t\t\t\t\t\t\t\t\t\t\t\t\t\t\t\t\t\t\t\t\t\t\t\t\t\t\t\t\t\t\t\t\t\t\t\t\t\t\t\t\t\t\t\t\t\t\t\t\t\t\t\t\t\t\t\t\t\t\t\t\t\t\t\t\t\t\t\t\t\t\t\t\t\t\t\t\t\t\t\t\t\t\t\t\t\t\t\t\t\t\t\t<\/div>\n\n\t\t\t\t\t\t\t\t\t<\/div>\n\t\t\t<\/div>\n\t\t<\/div>\n\t<\/div>\n\n\t<h3 class=\"title\">M\u00e1ria Mihinov\u00e1<\/h3>\n\t<p class=\"subtitle small uppercase\"><\/p>\n\t\t\t<p class=\"description\"><\/p>\n\t\n<\/div>\n[vc_empty_space height=&#8220;40px&#8220;][\/vc_column_inner][vc_column_inner width=&#8220;1\/3&#8243;]<div class=\"norebro-team-member-sc team-member\"\n\tid=\"norebro-custom-69ef7810e9b8c\"\n\t\t>\n\n\t<div class=\"image-wrap\">\n\t\t\t\t\t<img decoding=\"async\" src=\"https:\/\/www.czechrelocate.eu\/wp-content\/uploads\/2018\/08\/nor__team_color_02__min-2.jpg\" alt=\"Karin Du\u0161t\u00ed\u0159ov\u00e1\">\n\t\t\t\t<div class=\"overlay\">\n\t\t\t<div class=\"content-center\">\n\t\t\t\t<div class=\"wrap\">\n\t\t\t\t\t\t\t\t\t\t\t<div class=\"socialbar small default\">\n\t\t\t\t\t\t\t\t\t\t\t\t\t\t\t\t\t\t\t\t\t\t\t\t\t\t\t\t\t\t\t\t\t\t\t\t\t\t\t\t\t\t\t\t\t\t\t\t\t\t\t\t\t\t\t\t\t\t\t\t\t\t\t\t\t\t\t\t\t\t\t\t\t\t\t\t\t\t\t\t\t\t\t\t\t\t\t\t\t\t\t\t\t\t\t\t\t\t\t\t\t\t\t\t\t\t\t\t\t\t\t\t\t\t\t\t\t\t\t\t\t\t\t\t\t\t\t\t\t\t\t\t\t\t\t\t\t\t\t\t\t\t\t\t\t\t\t\t\t\t\t\t\t\t\t\t\t\t\t\t\t\t\t\t\t\t\t\t\t\t\t\t\t\t\t\t\t\t\t\t<\/div>\n\n\t\t\t\t\t\t\t\t\t<\/div>\n\t\t\t<\/div>\n\t\t<\/div>\n\t<\/div>\n\n\t<h3 class=\"title\">Karin Du\u0161t\u00ed\u0159ov\u00e1<\/h3>\n\t<p class=\"subtitle small uppercase\"><\/p>\n\t\t\t<p class=\"description\"><\/p>\n\t\n<\/div>\n[vc_empty_space height=&#8220;40px&#8220;][\/vc_column_inner][vc_column_inner width=&#8220;1\/3&#8243;]<div class=\"norebro-team-member-sc team-member\"\n\tid=\"norebro-custom-69ef7810e9c26\"\n\t\t>\n\n\t<div class=\"image-wrap\">\n\t\t\t\t\t<img decoding=\"async\" src=\"https:\/\/www.czechrelocate.eu\/wp-content\/uploads\/2018\/08\/nor__team_color_02__min-2.jpg\" alt=\"Blanka M\u00edrov\u00e1\">\n\t\t\t\t<div class=\"overlay\">\n\t\t\t<div class=\"content-center\">\n\t\t\t\t<div class=\"wrap\">\n\t\t\t\t\t\t\t\t\t\t\t<div class=\"socialbar small default\">\n\t\t\t\t\t\t\t\t\t\t\t\t\t\t\t\t\t\t\t\t\t\t\t\t\t\t\t\t\t\t\t\t\t\t\t\t\t\t\t\t\t\t\t\t\t\t\t\t\t\t\t\t\t\t\t\t\t\t\t\t\t\t\t\t\t\t\t\t\t\t\t\t\t\t\t\t\t\t\t\t\t\t\t\t\t\t\t\t\t\t\t\t\t\t\t\t\t\t\t\t\t\t\t\t\t\t\t\t\t\t\t\t\t\t\t\t\t\t\t\t\t\t\t\t\t\t\t\t\t\t\t\t\t\t\t\t\t\t\t\t\t\t\t\t\t\t\t\t\t\t\t\t\t\t\t\t\t\t\t\t\t\t\t\t\t\t\t\t\t\t\t\t\t\t\t\t\t\t\t\t<\/div>\n\n\t\t\t\t\t\t\t\t\t<\/div>\n\t\t\t<\/div>\n\t\t<\/div>\n\t<\/div>\n\n\t<h3 class=\"title\">Blanka M\u00edrov\u00e1<\/h3>\n\t<p class=\"subtitle small uppercase\"><\/p>\n\t\t\t<p class=\"description\"><\/p>\n\t\n<\/div>\n[vc_empty_space height=&#8220;40px&#8220; el_class=&#8220;vc_hidden-xs&#8220;][\/vc_column_inner][\/vc_row_inner][vc_empty_space height=&#8220;60px&#8220; el_class=&#8220;norebro-phone-space&#8220;][\/vc_column][\/vc_row][vc_row full_width=&#8220;stretch_row&#8220; css=&#8220;.vc_custom_1530020171035{background-color: #f8f8f8 !important;}&#8220;][vc_column][vc_empty_space height=&#8220;60px&#8220; el_class=&#8220;norebro-phone-space&#8220;]<div class=\"norebro-heading-sc heading text-center\"\n\tid=\"norebro-custom-69ef7810e9cb6\" \n\t \n\t>\n\t\n\t\n\t\n\t<h3 class=\"title\">\n\t\tHodnocen\u00ed na\u0161ich klient\u016f\t<\/h3>\n\n\t\n\t\t\t<p class=\"subtitle\">\n\t\t\tHodnocen\u00ed na\u0161ich slu\u017eeb\t\t<\/p>\n\t\t\n<\/div>[vc_empty_space height=&#8220;30px&#8220;]<div class=\"norebro-slider-sc slider-wrap\">\n\t<div class=\"slider norebro-slider  without-nav\" \n\tid=\"norebro-custom-69ef7810e9d2f\" \n\tdata-norebro-slider='{\"loop\":true,\"dots\":true,\"nav\":false,\"autoplay\":true,\"autoplayHoverPause\":true,\"itemsDesktop\":\"1\",\"itemsTablet\":\"1\",\"itemsMobile\":\"1\",\"slideBy\":\"1\",\"autoplayTimeout\":\"5\"}' \n\t\t>\n\n\t\t<div class=\"slider-wrap\">\n\n\t<div class=\"norebro-testimonial-sc testimonials \" \n\tid=\"norebro-custom-69ef7810e9e48\"\n\t \n\t>\n\t\n\t\n\t<blockquote>\n\t\tSpole\u010dnost V.I.P Homes s.r.o. spolupracuje s firmou PEUGEOT \u010cESK\u00c1 REPUBLIKA s.r.o. ji\u017e \u0159adu let a jej\u00ed slu\u017eby byly v\u017edy na vysok\u00e9 \u00farovni a k na\u0161\u00ed pln\u00e9 spokojenosti. J\u00e1 osobn\u011b jsem m\u011bl mo\u017enost str\u00e1vit v \u010cesk\u00e9 republice \u010dty\u0159i roky, kter\u00e9 byly i d\u00edky spole\u010dnosti V.I.P Homes roky p\u0159ijemn\u00fdmi a kter\u00e9 budou kr\u00e1snou vzpom\u00ednkou jak pro mne, tak i pro celou moji rodinu.\t<\/blockquote>\n\n\t\n\t<h4 class=\"title\">\u2014 Michel Schotman<\/h4>\n\t<p class=\"subtitle small\">\n\t\tGener\u00e1ln\u00ed \u0159editel PEUGEOT \u010cesk\u00e1 republika\t<\/p>\n\n<\/div>\t\n<\/div><div class=\"slider-wrap\">\n\n\t<div class=\"norebro-testimonial-sc testimonials \" \n\tid=\"norebro-custom-69ef7810e9f00\"\n\t \n\t>\n\t\n\t\n\t<blockquote>\n\t\tDoreen and I are very grateful for all the help you gave us during our search for a home in Prague. Your services are truly customer oriented and we will be very happy to recommend your company to our friend and colleagues.\t<\/blockquote>\n\n\t\n\t<h4 class=\"title\">\u2014 Jose Sedano<\/h4>\n\t<p class=\"subtitle small\">\n\t\t\t<\/p>\n\n<\/div>\t\n<\/div><div class=\"slider-wrap\">\n\n\t<div class=\"norebro-testimonial-sc testimonials \" \n\tid=\"norebro-custom-69ef7810e9fa4\"\n\t \n\t>\n\t\n\t\n\t<blockquote>\n\t\tDie Botschaft der Bundesrepublik Deutschland in Prag arbeitet seit 1991 mit Frau Maria Mihinov\u00e1 vom Maklerb\u00fcro V.I.P Homes zusammen. Etwa 50 % der an die Botschaft versetzten Mitarbeiter finden durch dieses Maklerb\u00fcro eine Wohnung bzw. ein Haus. Frau Mihinov\u00e1, die gut Deutsch spricht, zeichnet sich durch Professionalit\u00e4t, Freundlichkeit und Engagement aus; sie ist auch nach Abschlub eines Mietvertrages zuverl\u00e4ssiger Gespr\u00e4chspartner, wenn es um die L\u00f6sung eventueller Probleme aus dem Vertragsverh\u00e4ltnis geht.\t<\/blockquote>\n\n\t\n\t<h4 class=\"title\">\u2014 Manfred Rogetzky<\/h4>\n\t<p class=\"subtitle small\">\n\t\tKanzler I. Klasse\t<\/p>\n\n<\/div>\t\n<\/div>\t\t\n\t<\/div>\n<\/div>[vc_empty_space height=&#8220;40px&#8220;][\/vc_column][\/vc_row][vc_row full_width=&#8220;stretch_row_content_no_spaces&#8220; css=&#8220;.vc_custom_1530018566171{padding-top: 0px !important;background-color: #f8f8f8 !important;}&#8220;][vc_column]<div class=\"norebro-socialbar-sc socialbar  text-center boxed social-column-3 default\" \n\tid=\"norebro-custom-69ef7810ea176\" \n\t \n\t>\n\n\t\t\t<a href=\"https:\/\/twitter.com\/intent\/tweet?text=https:\/\/www.czechrelocate.eu\/cs\/team\/\" target=\"_blank\" class=\"twitter\">\n\t\t\t\t\t\t<i class=\"fab fa-x-twitter\"><\/i>\n\t\t\t\t\t\t\t\t\t<span class=\"social-text\">Twitter<\/span>\n\t\t\t\t\t<\/a>\n\t\n\t\t\t<a href=\"https:\/\/www.facebook.com\/sharer\/sharer.php?u=https:\/\/www.czechrelocate.eu\/cs\/team\/\" target=\"_blank\" class=\"facebook\">\n\t\t\t\t\t\t<i class=\"fab fa-facebook\"><\/i>\n\t\t\t\t\t\t\t\t\t<span class=\"social-text\">Facebook<\/span>\n\t\t\t\t\t<\/a>\n\t\n\t\n\t\n\t\t\t<a href=\"https:\/\/www.linkedin.com\/shareArticle?mini=true&url=https%3A%2F%2Fwww.czechrelocate.eu%2Fcs%2Fteam%2F&title=title&source=Czech+Relocate\" target=\"_blank\" class=\"linkedin\">\n\t\t\t\t\t\t<i class=\"fab fa-linkedin\"><\/i>\n\t\t\t\t\t\t\t\t\t<span class=\"social-text\">LinkedIn<\/span>\n\t\t\t\t\t<\/a>\n\t\n\t\n\t\n\t\n\t\n\t\n\t\n\t\n\t\n\t\n\t\n\t\n\t\n\t\n\t<\/div>[\/vc_column][\/vc_row]\n<\/div>","protected":false},"excerpt":{"rendered":"<p>[vc_row full_width=&#8220;stretch_row_content_no_spaces&#8220;][vc_column][vc_empty_space height=&#8220;90px&#8220;][\/vc_column][\/vc_row][vc_row full_width=&#8220;stretch_row&#8220; equal_height=&#8220;yes&#8220; side_background_title_alignment=&#8220;right&#8220; side_background_title=&#8220;\/N\u00e1\u0161_t\u00fdm&#8220; side_background_title_color=&#8220;#f5f5f5&#8243; side_background_title_typo=&#8220;font_size~100||letter_spacing~-1||weight~600&#8243;][vc_column css=&#8220;.vc_custom_1503403735929{padding-top: 0px !important;}&#8220;][vc_empty_space height=&#8220;20px&#8220;][vc_empty_space height=&#8220;50px&#8220;][vc_row_inner][vc_column_inner&#8230;<\/p>\n","protected":false},"author":2,"featured_media":0,"parent":0,"menu_order":0,"comment_status":"closed","ping_status":"closed","template":"","meta":{"inline_featured_image":false,"footnotes":""},"acf":[],"_links":{"self":[{"href":"https:\/\/www.czechrelocate.eu\/cs\/wp-json\/wp\/v2\/pages\/5674084"}],"collection":[{"href":"https:\/\/www.czechrelocate.eu\/cs\/wp-json\/wp\/v2\/pages"}],"about":[{"href":"https:\/\/www.czechrelocate.eu\/cs\/wp-json\/wp\/v2\/types\/page"}],"author":[{"embeddable":true,"href":"https:\/\/www.czechrelocate.eu\/cs\/wp-json\/wp\/v2\/users\/2"}],"replies":[{"embeddable":true,"href":"https:\/\/www.czechrelocate.eu\/cs\/wp-json\/wp\/v2\/comments?post=5674084"}],"version-history":[{"count":1,"href":"https:\/\/www.czechrelocate.eu\/cs\/wp-json\/wp\/v2\/pages\/5674084\/revisions"}],"predecessor-version":[{"id":5674702,"href":"https:\/\/www.czechrelocate.eu\/cs\/wp-json\/wp\/v2\/pages\/5674084\/revisions\/5674702"}],"wp:attachment":[{"href":"https:\/\/www.czechrelocate.eu\/cs\/wp-json\/wp\/v2\/media?parent=5674084"}],"curies":[{"name":"wp","href":"https:\/\/api.w.org\/{rel}","templated":true}]}}