{"id":5648055,"date":"2017-11-13T07:45:59","date_gmt":"2017-11-13T07:45:59","guid":{"rendered":"https:\/\/norebro.colabr.io\/demo-uploads\/contact-simple\/?page_id=7"},"modified":"2023-11-28T15:58:53","modified_gmt":"2023-11-28T14:58:53","slug":"kontakt","status":"publish","type":"page","link":"https:\/\/www.czechrelocate.eu\/cs\/kontakt\/","title":{"rendered":"Kontakt"},"content":{"rendered":"<div class=\"wpb-content-wrapper\">[vc_row full_width=&#8220;stretch_row_content_no_spaces&#8220;][vc_column]\n\t\t\t<!-- START Kontakt REVOLUTION SLIDER 6.6.18 --><p class=\"rs-p-wp-fix\"><\/p>\n\t\t\t<rs-module-wrap id=\"rev_slider_3_1_wrapper\" data-source=\"gallery\" style=\"visibility:hidden;background:transparent;padding:0;margin:0px auto;margin-top:0;margin-bottom:0;\">\n\t\t\t\t<rs-module id=\"rev_slider_3_1\" style=\"\" data-version=\"6.6.18\">\n\t\t\t\t\t<rs-slides style=\"overflow: hidden; position: absolute;\">\n\t\t\t\t\t\t<rs-slide style=\"position: absolute;\" data-key=\"rs-3\" data-title=\"Slide\" data-anim=\"adpr:false;\" data-in=\"o:0;\" data-out=\"a:false;\">\n\t\t\t\t\t\t\t<img decoding=\"async\" src=\"\/\/www.czechrelocate.eu\/wp-content\/plugins\/revslider\/public\/assets\/assets\/dummy.png\" alt=\"\" title=\"Kontakt\" class=\"rev-slidebg tp-rs-img rs-lazyload\" data-lazyload=\"\/\/czechrelocate.eu\/wp-content\/uploads\/2017\/11\/nor__header__08__min.jpg\" data-no-retina>\n<!--\n\t\t\t\t\t\t\t--><rs-layer\n\t\t\t\t\t\t\t\tid=\"slider-3-slide-3-layer-1\" \n\t\t\t\t\t\t\t\tdata-type=\"text\"\n\t\t\t\t\t\t\t\tdata-rsp_ch=\"on\"\n\t\t\t\t\t\t\t\tdata-xy=\"xo:0,0,30px,30px;y:t,t,b,b;yo:160px,160px,80px,30px;\"\n\t\t\t\t\t\t\t\tdata-text=\"s:60;l:70;fw:700;a:inherit;\"\n\t\t\t\t\t\t\t\tdata-dim=\"w:600px;h:62px;\"\n\t\t\t\t\t\t\t\tdata-frame_1=\"sR:10;\"\n\t\t\t\t\t\t\t\tdata-frame_999=\"o:0;st:w;sR:8690;\"\n\t\t\t\t\t\t\t\tstyle=\"z-index:6;font-family:'Poppins';\"\n\t\t\t\t\t\t\t>Kontakty \n\t\t\t\t\t\t\t<\/rs-layer><!--\n\n\t\t\t\t\t\t\t--><rs-layer\n\t\t\t\t\t\t\t\tid=\"slider-3-slide-3-layer-2\" \n\t\t\t\t\t\t\t\tdata-type=\"text\"\n\t\t\t\t\t\t\t\tdata-rsp_ch=\"on\"\n\t\t\t\t\t\t\t\tdata-xy=\"xo:0,0,30px,30px;y:t,t,b,b;yo:240px,240px,15px,15px;\"\n\t\t\t\t\t\t\t\tdata-text=\"s:18;l:24;a:inherit;\"\n\t\t\t\t\t\t\t\tdata-dim=\"w:600px;\"\n\t\t\t\t\t\t\t\tdata-vbility=\"t,t,t,f\"\n\t\t\t\t\t\t\t\tdata-frame_1=\"sR:10;\"\n\t\t\t\t\t\t\t\tdata-frame_999=\"o:0;st:w;sR:8690;\"\n\t\t\t\t\t\t\t\tstyle=\"z-index:7;font-family:'Open Sans';\"\n\t\t\t\t\t\t\t>Pot\u0159ebujete se s n\u00e1mi spojit? Vyberte si zp\u016fsob, <br>kter\u00fd v\u00e1m nejl\u00e9pe vyhovuje. \n\t\t\t\t\t\t\t<\/rs-layer><!--\n\n\t\t\t\t\t\t\t--><rs-layer\n\t\t\t\t\t\t\t\tid=\"slider-3-slide-3-layer-3\" \n\t\t\t\t\t\t\t\tclass=\"tp-shape tp-shapewrapper\"\n\t\t\t\t\t\t\t\tdata-type=\"shape\"\n\t\t\t\t\t\t\t\tdata-rsp_ch=\"on\"\n\t\t\t\t\t\t\t\tdata-xy=\"x:c;y:m;\"\n\t\t\t\t\t\t\t\tdata-text=\"a:inherit;\"\n\t\t\t\t\t\t\t\tdata-dim=\"w:3000px;h:500px;\"\n\t\t\t\t\t\t\t\tdata-frame_1=\"sR:10;\"\n\t\t\t\t\t\t\t\tdata-frame_999=\"o:0;st:w;sR:8690;\"\n\t\t\t\t\t\t\t\tstyle=\"z-index:5;background-color:rgba(0,0,0,0.3);\"\n\t\t\t\t\t\t\t> \n\t\t\t\t\t\t\t<\/rs-layer><!--\n-->\t\t\t\t\t\t<\/rs-slide>\n\t\t\t\t\t<\/rs-slides>\n\t\t\t\t<\/rs-module>\n\t\t\t\t<script>\n\t\t\t\t\tsetREVStartSize({c: 'rev_slider_3_1',rl:[1240,1024,778,480],el:[450,420,300,220],gw:[1296,1024,778,480],gh:[450,420,300,220],type:'hero',justify:'',layout:'fullwidth',mh:\"0\"});if (window.RS_MODULES!==undefined && window.RS_MODULES.modules!==undefined && window.RS_MODULES.modules[\"revslider31\"]!==undefined) {window.RS_MODULES.modules[\"revslider31\"].once = false;window.revapi3 = undefined;if (window.RS_MODULES.checkMinimal!==undefined) window.RS_MODULES.checkMinimal()}\n\t\t\t\t<\/script>\n\t\t\t<\/rs-module-wrap>\n\t\t\t<!-- END REVOLUTION SLIDER -->\n[\/vc_column][\/vc_row][vc_row][vc_column css=&#8220;.vc_custom_1502450761306{padding-top: 0px !important;}&#8220;][vc_empty_space height=&#8220;90px&#8220; el_class=&#8220;norebro-phone-space&#8220;][\/vc_column][\/vc_row][vc_row][vc_column]<div class=\"norebro-heading-sc heading text-left\"\n\tid=\"norebro-custom-69ef782eb6e90\" \n\t \n\t>\n\t\n\t\t\t<p class=\"subtitle\">\n\t\t\tVIP Homes s.r.o.\t\t<\/p>\n\t\n\t\n\t<h3 class=\"title subtitle-top\">\n\t\tS\u00eddlo\t<\/h3>\n\n\t\n\t\t\n<\/div>[vc_empty_space height=&#8220;20px&#8220; el_class=&#8220;norebro-phone-space&#8220;]<div class=\"norebro-text-sc \" \n\tid=\"norebro-custom-69ef782eb6f3a\" \n\t \n\t>\n\n\t<p style=\"text-align: justify;\">Kancel\u00e1\u0159 spole\u010dnosti VIP Homes s.r.o. se nach\u00e1z\u00ed v&nbsp;modern\u00edm a&nbsp;dynamick\u00e9m centru Sm\u00edchova, v&nbsp;ulici N\u00e1dra\u017en\u00ed 110, Praha 5, cca 2 minuty p\u011b\u0161\u00ed ch\u016fze od stanice metra B And\u011bl a&nbsp;zast\u00e1vky tramvaj\u00ed \u010d.&nbsp;1, 5, 7, 9, 10, 12, 15, 16, 20, 25. D\u00edky strategick\u00e9 poloze \u2013 na Zlat\u00e9m And\u011blu \u2013 jsou slu\u017eby poskytovan\u00e9 realitn\u00ed kancel\u00e1\u0159\u00ed VIP Homes s.r.o. snadno dostupn\u00e9 klient\u016fm ze v\u0161ech \u010d\u00e1st\u00ed Prahy.<\/p>\n\t\n<\/div>[vc_empty_space height=&#8220;90px&#8220; el_class=&#8220;norebro-phone-space&#8220;][\/vc_column][\/vc_row][vc_row full_width=&#8220;stretch_row_content_no_spaces&#8220; el_class=&#8220;norebro-content-wrap-left padding-reset-right&#8220;][vc_column width=&#8220;1\/2&#8243; css=&#8220;.vc_custom_1541487842989{margin-left: 15px !important;}&#8220;]<div class=\"norebro-heading-sc heading text-left\"\n\tid=\"norebro-custom-69ef782eb6fb1\" \n\t \n\t>\n\t\n\t\n\t\n\t<h1 class=\"title\">\n\t\tVIP Homes s.r.o.\t<\/h1>\n\n\t\n\t\t\n<\/div>[vc_empty_space height=&#8220;20px&#8220;]<div class=\"norebro-text-sc \" \n\tid=\"norebro-custom-69ef782eb7038\" \n\t \n\t>\n\n\t<p><strong>S\u00eddlo spole\u010dnosti<\/strong><\/p>\n<p>N\u00e1dra\u017en\u00ed 110,\u00a0150&nbsp;00 Praha 5<br \/>\n\u010cesk\u00e1 repubilka<\/p>\n<p>I\u010cO 25616889, DI\u010c CZ25616889<br \/>\nzapsan\u00e1 do obchodn\u00edho rejst\u0159\u00edku<br \/>\nu&nbsp;M\u011bstsk\u00e9ho soudu v&nbsp;Praze, C 55145<\/p>\n\t\n<\/div>[vc_empty_space height=&#8220;20px&#8220;]<div class=\"norebro-text-sc \" \n\tid=\"norebro-custom-69ef782eb70b2\" \n\t \n\t>\n\n\t<p><strong>M\u00e1ria Mihinov\u00e1<\/strong><br \/>\nTelefon: 606&nbsp;731&nbsp;973<br \/>\nEmail: mihinova@viphomes.cz<\/p>\n<p><strong>Karin Du\u0161t\u00ed\u0159ov\u00e1<\/strong><br \/>\nTelefon: 775&nbsp;725&nbsp;975<br \/>\nEmail: dustirova@viphomes.cz<\/p>\n<p><strong>Blanka M\u00edrov\u00e1<\/strong><br \/>\nTelefon: 722&nbsp;90&nbsp;33&nbsp;88<br \/>\nE-mail: mirova@viphomes.cz<\/p>\n\t\n<\/div>[vc_empty_space height=&#8220;90px&#8220;][\/vc_column][vc_column width=&#8220;1\/2&#8243;][vc_raw_html]JTNDaWZyYW1lJTIwc3JjJTNEJTIyaHR0cHMlM0ElMkYlMkZ3d3cuZ29vZ2xlLmNvbSUyRm1hcHMlMkZlbWJlZCUzRnBiJTNEJTIxMW0xNCUyMTFtOCUyMTFtMyUyMTFkMjA0ODYuNzI1MTM2ODc1MzU3JTIxMmQxNC40MDUxNzMwMDAwMDAwMDElMjEzZDUwLjA3MDU0NiUyMTNtMiUyMTFpMTAyNCUyMTJpNzY4JTIxNGYxMy4xJTIxM20zJTIxMW0yJTIxMXMweDAlMjUzQTB4NTUxYWJiYzA1NGNhYWQyYSUyMTJzVi5JLlAuJTJCSG9tZXMlMkJzLnIuby4lMjE1ZTAlMjEzbTIlMjExc2NzJTIxMnNjeiUyMTR2MTUzMjY4OTkxOTY2OCUyMiUyMHdpZHRoJTNEJTIyNjAwJTIyJTIwaGVpZ2h0JTNEJTIyNTQwJTIyJTIwZnJhbWVib3JkZXIlM0QlMjIwJTIyJTIwc3R5bGUlM0QlMjJib3JkZXIlM0EwJTIyJTIwYWxsb3dmdWxsc2NyZWVuJTNFJTNDJTJGaWZyYW1lJTNF[\/vc_raw_html][vc_empty_space height=&#8220;80px&#8220;][\/vc_column][\/vc_row][vc_row full_width=&#8220;stretch_row&#8220; css=&#8220;.vc_custom_1543587454250{background-color: #f7f7f7 !important;}&#8220;][vc_column css=&#8220;.vc_custom_1502450761306{padding-top: 0px !important;}&#8220;][vc_empty_space height=&#8220;90px&#8220; el_class=&#8220;norebro-phone-space&#8220;]<div class=\"norebro-gallery-sc gallery-wrap\"\n\tid=\"norebro-custom-images-69ef782eb7734\"\n\tdata-gallery=\"norebro-custom-69ef782eb7733\"\n\t\t>\n\n\t\n\t<div class=\"vc_row norebro-masonry\" data-lazy-container=\"gallery\">\n\n\t\t\t<div class=\" vc_col-lg-4 vc_col-md-4 vc_col-sm-6 vc_col-xs-12 masonry-block grid-item gallery-image\" data-gallery-item=\"0\" data-lazy-item=\"\" data-lazy-scope=\"gallery\">\n\t\t<div class=\"wrap\">\n\t\t\t\t\t\t\t<img decoding=\"async\" class=\"gimg\" src=\"https:\/\/www.czechrelocate.eu\/wp-content\/uploads\/2018\/11\/PEG_4980.jpg\" alt=\"\">\n\t\t\t\t\t\t<div class=\"overlay hidden\">\n\t\t\t\t<div class=\"content-center text-center\">\n\t\t\t\t\t<div class=\"wrap\">\n\t\t\t\t\t\t<h4 class=\"inline\">\n\t\t\t\t\t\t\t\t\t\t\t\t\tZobrazit\t\t\t\t\t\t\t\t\t\t\t\t<\/h4>\n\t\t\t\t\t\t<div class=\"icon inline ion-ios-plus-empty\"><\/div>\n\t\t\t\t\t<\/div>\n\t\t\t\t<\/div>\n\t\t\t<\/div>\n\t\t\t<div class=\"gallery-description\">\n\t\t\t\t<h3 class=\"title\">PEG_4980<\/h3>\n\t\t\t\t<p class=\"subtitle small\">\n\t\t\t\t\t\t\t\t\t<\/p>\n\t\t\t<\/div>\n\t\t<\/div>\n\t<\/div>\n\t\t\t<div class=\" vc_col-lg-4 vc_col-md-4 vc_col-sm-6 vc_col-xs-12 masonry-block grid-item gallery-image\" data-gallery-item=\"1\" data-lazy-item=\"\" data-lazy-scope=\"gallery\">\n\t\t<div class=\"wrap\">\n\t\t\t\t\t\t\t<img decoding=\"async\" class=\"gimg\" src=\"https:\/\/www.czechrelocate.eu\/wp-content\/uploads\/2018\/11\/PEG_4984.jpg\" alt=\"\">\n\t\t\t\t\t\t<div class=\"overlay hidden\">\n\t\t\t\t<div class=\"content-center text-center\">\n\t\t\t\t\t<div class=\"wrap\">\n\t\t\t\t\t\t<h4 class=\"inline\">\n\t\t\t\t\t\t\t\t\t\t\t\t\tZobrazit\t\t\t\t\t\t\t\t\t\t\t\t<\/h4>\n\t\t\t\t\t\t<div class=\"icon inline ion-ios-plus-empty\"><\/div>\n\t\t\t\t\t<\/div>\n\t\t\t\t<\/div>\n\t\t\t<\/div>\n\t\t\t<div class=\"gallery-description\">\n\t\t\t\t<h3 class=\"title\">PEG_4984<\/h3>\n\t\t\t\t<p class=\"subtitle small\">\n\t\t\t\t\t\t\t\t\t<\/p>\n\t\t\t<\/div>\n\t\t<\/div>\n\t<\/div>\n\t\t\t<div class=\" vc_col-lg-4 vc_col-md-4 vc_col-sm-6 vc_col-xs-12 masonry-block grid-item gallery-image\" data-gallery-item=\"2\" data-lazy-item=\"\" data-lazy-scope=\"gallery\">\n\t\t<div class=\"wrap\">\n\t\t\t\t\t\t\t<img decoding=\"async\" class=\"gimg\" src=\"https:\/\/www.czechrelocate.eu\/wp-content\/uploads\/2018\/11\/PEG_4986.jpg\" alt=\"\">\n\t\t\t\t\t\t<div class=\"overlay hidden\">\n\t\t\t\t<div class=\"content-center text-center\">\n\t\t\t\t\t<div class=\"wrap\">\n\t\t\t\t\t\t<h4 class=\"inline\">\n\t\t\t\t\t\t\t\t\t\t\t\t\tZobrazit\t\t\t\t\t\t\t\t\t\t\t\t<\/h4>\n\t\t\t\t\t\t<div class=\"icon inline ion-ios-plus-empty\"><\/div>\n\t\t\t\t\t<\/div>\n\t\t\t\t<\/div>\n\t\t\t<\/div>\n\t\t\t<div class=\"gallery-description\">\n\t\t\t\t<h3 class=\"title\">PEG_4986<\/h3>\n\t\t\t\t<p class=\"subtitle small\">\n\t\t\t\t\t\t\t\t\t<\/p>\n\t\t\t<\/div>\n\t\t<\/div>\n\t<\/div>\n\t\t\t<div class=\" vc_col-lg-4 vc_col-md-4 vc_col-sm-6 vc_col-xs-12 masonry-block grid-item gallery-image\" data-gallery-item=\"3\" data-lazy-item=\"\" data-lazy-scope=\"gallery\">\n\t\t<div class=\"wrap\">\n\t\t\t\t\t\t\t<img decoding=\"async\" class=\"gimg\" src=\"https:\/\/www.czechrelocate.eu\/wp-content\/uploads\/2018\/11\/PEG_4987.jpg\" alt=\"\">\n\t\t\t\t\t\t<div class=\"overlay hidden\">\n\t\t\t\t<div class=\"content-center text-center\">\n\t\t\t\t\t<div class=\"wrap\">\n\t\t\t\t\t\t<h4 class=\"inline\">\n\t\t\t\t\t\t\t\t\t\t\t\t\tZobrazit\t\t\t\t\t\t\t\t\t\t\t\t<\/h4>\n\t\t\t\t\t\t<div class=\"icon inline ion-ios-plus-empty\"><\/div>\n\t\t\t\t\t<\/div>\n\t\t\t\t<\/div>\n\t\t\t<\/div>\n\t\t\t<div class=\"gallery-description\">\n\t\t\t\t<h3 class=\"title\">PEG_4987<\/h3>\n\t\t\t\t<p class=\"subtitle small\">\n\t\t\t\t\t\t\t\t\t<\/p>\n\t\t\t<\/div>\n\t\t<\/div>\n\t<\/div>\n\t\t\t<div class=\" vc_col-lg-4 vc_col-md-4 vc_col-sm-6 vc_col-xs-12 masonry-block grid-item gallery-image\" data-gallery-item=\"4\" data-lazy-item=\"\" data-lazy-scope=\"gallery\">\n\t\t<div class=\"wrap\">\n\t\t\t\t\t\t\t<img decoding=\"async\" class=\"gimg\" src=\"https:\/\/www.czechrelocate.eu\/wp-content\/uploads\/2018\/11\/PEG_4992.jpg\" alt=\"\">\n\t\t\t\t\t\t<div class=\"overlay hidden\">\n\t\t\t\t<div class=\"content-center text-center\">\n\t\t\t\t\t<div class=\"wrap\">\n\t\t\t\t\t\t<h4 class=\"inline\">\n\t\t\t\t\t\t\t\t\t\t\t\t\tZobrazit\t\t\t\t\t\t\t\t\t\t\t\t<\/h4>\n\t\t\t\t\t\t<div class=\"icon inline ion-ios-plus-empty\"><\/div>\n\t\t\t\t\t<\/div>\n\t\t\t\t<\/div>\n\t\t\t<\/div>\n\t\t\t<div class=\"gallery-description\">\n\t\t\t\t<h3 class=\"title\">PEG_4992<\/h3>\n\t\t\t\t<p class=\"subtitle small\">\n\t\t\t\t\t\t\t\t\t<\/p>\n\t\t\t<\/div>\n\t\t<\/div>\n\t<\/div>\n\t\t\t<div class=\" vc_col-lg-4 vc_col-md-4 vc_col-sm-6 vc_col-xs-12 masonry-block grid-item gallery-image\" data-gallery-item=\"5\" data-lazy-item=\"\" data-lazy-scope=\"gallery\">\n\t\t<div class=\"wrap\">\n\t\t\t\t\t\t\t<img decoding=\"async\" class=\"gimg\" src=\"https:\/\/www.czechrelocate.eu\/wp-content\/uploads\/2018\/11\/PEG_4996.jpg\" alt=\"\">\n\t\t\t\t\t\t<div class=\"overlay hidden\">\n\t\t\t\t<div class=\"content-center text-center\">\n\t\t\t\t\t<div class=\"wrap\">\n\t\t\t\t\t\t<h4 class=\"inline\">\n\t\t\t\t\t\t\t\t\t\t\t\t\tZobrazit\t\t\t\t\t\t\t\t\t\t\t\t<\/h4>\n\t\t\t\t\t\t<div class=\"icon inline ion-ios-plus-empty\"><\/div>\n\t\t\t\t\t<\/div>\n\t\t\t\t<\/div>\n\t\t\t<\/div>\n\t\t\t<div class=\"gallery-description\">\n\t\t\t\t<h3 class=\"title\">PEG_4996<\/h3>\n\t\t\t\t<p class=\"subtitle small\">\n\t\t\t\t\t\t\t\t\t<\/p>\n\t\t\t<\/div>\n\t\t<\/div>\n\t<\/div>\n\t\t<div class=\"clear\"><\/div>\n\n\t<\/div>\n\n\t\n<\/div>\n\n<div class=\"norebro-gallery-opened-sc custom-gallery\"\n\tid=\"norebro-custom-69ef782eb7733\"\n\tdata-options='{\"navClass\":\"\"}'>\n\n\t<div class=\"expand\">\n\t\t<span class=\"ion-android-expand\"><\/span>\n\t<\/div>\n\t<div class=\"close\">\n\t\t<span class=\"ion-ios-close-empty\"><\/span>\n\t<\/div>\n\n<\/div>\n[vc_empty_space height=&#8220;90px&#8220; el_class=&#8220;norebro-phone-space&#8220;][\/vc_column][\/vc_row][vc_row full_width=&#8220;stretch_row&#8220; css=&#8220;.vc_custom_1530794378706{background-color: #eeeeee !important;}&#8220;][vc_column css=&#8220;.vc_custom_1502450761306{padding-top: 0px !important;}&#8220;][vc_empty_space height=&#8220;90px&#8220; el_class=&#8220;norebro-phone-space&#8220;]<div class=\"norebro-heading-sc heading text-left\"\n\tid=\"norebro-custom-69ef782eb7824\" \n\t \n\t>\n\t\n\t\n\t\n\t<h2 class=\"title\">\n\t\tNapi\u0161te n\u00e1m\t<\/h2>\n\n\t\n\t\t\n<\/div>[vc_empty_space height=&#8220;20px&#8220; el_class=&#8220;norebro-phone-space&#8220;]<div class=\"norebro-contact-from-sc contact-form  text-center classic\"\n\tid=\"norebro-custom-69ef782eb78af\" \n\t \n\t>\n\n\t\n<div class=\"wpcf7 no-js\" id=\"wpcf7-f13549-o1\" lang=\"en-US\" dir=\"ltr\">\n<div class=\"screen-reader-response\"><p role=\"status\" aria-live=\"polite\" aria-atomic=\"true\"><\/p> <ul><\/ul><\/div>\n<form action=\"\/cs\/wp-json\/wp\/v2\/pages\/5648055#wpcf7-f13549-o1\" method=\"post\" class=\"wpcf7-form init\" aria-label=\"Contact form\" novalidate=\"novalidate\" data-status=\"init\">\n<div style=\"display: none;\">\n<input type=\"hidden\" name=\"_wpcf7\" value=\"13549\" \/>\n<input type=\"hidden\" name=\"_wpcf7_version\" value=\"5.8.3\" \/>\n<input type=\"hidden\" name=\"_wpcf7_locale\" value=\"en_US\" \/>\n<input type=\"hidden\" name=\"_wpcf7_unit_tag\" value=\"wpcf7-f13549-o1\" \/>\n<input type=\"hidden\" name=\"_wpcf7_container_post\" value=\"0\" \/>\n<input type=\"hidden\" name=\"_wpcf7_posted_data_hash\" value=\"\" \/>\n<input type=\"hidden\" name=\"_wpcf7_recaptcha_response\" value=\"\" \/>\n<\/div>\n<div class=\"input-group\">\n\t<p><label class=\"col-6\"><span class=\"wpcf7-form-control-wrap\" data-name=\"jmeno\"><input size=\"40\" class=\"wpcf7-form-control wpcf7-text wpcf7-validates-as-required\" aria-required=\"true\" aria-invalid=\"false\" placeholder=\"Jm\u00e9no *\" value=\"\" type=\"text\" name=\"jmeno\" \/><\/span><\/label><br \/>\n<label class=\"col-6\"><span class=\"wpcf7-form-control-wrap\" data-name=\"prijmeni\"><input size=\"40\" class=\"wpcf7-form-control wpcf7-text wpcf7-validates-as-required\" aria-required=\"true\" aria-invalid=\"false\" placeholder=\"P\u0159ijmen\u00ed *\" value=\"\" type=\"text\" name=\"prijmeni\" \/><\/span><\/label>\n\t<\/p>\n<\/div>\n<div class=\"input-group\">\n\t<p><label class=\"col-6\"><span class=\"wpcf7-form-control-wrap\" data-name=\"email\"><input size=\"40\" class=\"wpcf7-form-control wpcf7-text wpcf7-validates-as-required\" aria-required=\"true\" aria-invalid=\"false\" placeholder=\"Email *\" value=\"\" type=\"text\" name=\"email\" \/><\/span><\/label><br \/>\n<label class=\"col-6\"><span class=\"wpcf7-form-control-wrap\" data-name=\"telefon\"><input size=\"40\" class=\"wpcf7-form-control wpcf7-text\" aria-invalid=\"false\" placeholder=\"Telefon\" value=\"\" type=\"text\" name=\"telefon\" \/><\/span><\/label>\n\t<\/p>\n<\/div>\n<p><label><span class=\"wpcf7-form-control-wrap\" data-name=\"zprava\"><textarea cols=\"40\" rows=\"10\" class=\"wpcf7-form-control wpcf7-textarea\" aria-invalid=\"false\" placeholder=\"Obsah zpr\u00e1vy\" name=\"zprava\"><\/textarea><\/span><\/label><br \/>\n\n<\/p>\n<p style=\"text-align: left;\"><span class=\"wpcf7-form-control-wrap\" data-name=\"acceptance-939\"><span class=\"wpcf7-form-control wpcf7-acceptance\"><span class=\"wpcf7-list-item\"><label><input type=\"checkbox\" name=\"acceptance-939\" value=\"1\" aria-invalid=\"false\" \/><span class=\"wpcf7-list-item-label\">Za\u0161krtnut\u00edm pol\u00ed\u010dka souhlas\u00edte se <a href=\"https:\/\/czechrelocate.eu\/privacy-policy\/?lang=cs\" target=\"_blank\">zpracov\u00e1n\u00edm osobn\u00edch \u00fadaj\u016f.<\/a><\/span><\/label><\/span><\/span><\/span>\n<\/p>\n<div class=\"input-group\" style=\"padding: 0 15px;\">\n\t<p><input class=\"wpcf7-form-control wpcf7-submit has-spinner\" type=\"submit\" value=\"Odeslat zpr\u00e1vu\" \/>\n\t<\/p>\n<\/div><div class=\"wpcf7-response-output\" aria-hidden=\"true\"><\/div>\n<\/form>\n<\/div>\n\n\t<div class=\"hidden\" data-contact-btn=\"true\">\n\t\t<button class=\"btn  btn-full-width btn-brand\">\n\t\t\t<span class=\"btn-load\"><\/span>\n\t\t\t<span class=\"text\"><\/span>\n\t\t<\/button>\n\t<\/div>\n<\/div>[vc_empty_space height=&#8220;90px&#8220; el_class=&#8220;norebro-phone-space&#8220;][\/vc_column][\/vc_row][vc_row full_width=&#8220;stretch_row_content_no_spaces&#8220;][vc_column css=&#8220;.vc_custom_1502450761306{padding-top: 0px !important;}&#8220;]<div class=\"norebro-socialbar-sc socialbar  text-center boxed social-column-4 default\" \n\tid=\"norebro-custom-69ef782ebb49c\" \n\t \n\t>\n\n\t\t\t<a href=\"https:\/\/twitter.com\/intent\/tweet?text=https:\/\/www.czechrelocate.eu\/cs\/kontakt\/\" target=\"_blank\" class=\"twitter\">\n\t\t\t\t\t\t<i class=\"fab fa-x-twitter\"><\/i>\n\t\t\t\t\t\t\t\t\t<span class=\"social-text\">Twitter<\/span>\n\t\t\t\t\t<\/a>\n\t\n\t\t\t<a href=\"https:\/\/www.facebook.com\/sharer\/sharer.php?u=https:\/\/www.czechrelocate.eu\/cs\/kontakt\/\" target=\"_blank\" class=\"facebook\">\n\t\t\t\t\t\t<i class=\"fab fa-facebook\"><\/i>\n\t\t\t\t\t\t\t\t\t<span class=\"social-text\">Facebook<\/span>\n\t\t\t\t\t<\/a>\n\t\n\t\n\t\n\t\t\t<a href=\"https:\/\/www.linkedin.com\/shareArticle?mini=true&url=https%3A%2F%2Fwww.czechrelocate.eu%2Fcs%2Fkontakt%2F&title=title&source=Czech+Relocate\" target=\"_blank\" class=\"linkedin\">\n\t\t\t\t\t\t<i class=\"fab fa-linkedin\"><\/i>\n\t\t\t\t\t\t\t\t\t<span class=\"social-text\">LinkedIn<\/span>\n\t\t\t\t\t<\/a>\n\t\n\t\t\t<a href=\"http:\/\/pinterest.com\/pin\/create\/button\/?url=https%3A%2F%2Fwww.czechrelocate.eu%2Fcs%2Fkontakt%2F&description=title\" target=\"_blank\" class=\"pinterest\">\n\t\t\t\t\t\t<i class=\"fab fa-pinterest-p\"><\/i>\n\t\t\t\t\t\t\t\t\t<span class=\"social-text\">Pinterest<\/span>\n\t\t\t\t\t<\/a>\n\t\n\t\n\t\n\t\n\t\n\t\n\t\n\t\n\t\n\t\n\t\n\t\n\t\n\t<\/div>[\/vc_column][\/vc_row]\n<\/div>","protected":false},"excerpt":{"rendered":"<p>[vc_row full_width=&#8220;stretch_row_content_no_spaces&#8220;][vc_column][\/vc_column][\/vc_row][vc_row][vc_column css=&#8220;.vc_custom_1502450761306{padding-top: 0px !important;}&#8220;][vc_empty_space height=&#8220;90px&#8220; el_class=&#8220;norebro-phone-space&#8220;][\/vc_column][\/vc_row][vc_row][vc_column][vc_empty_space height=&#8220;20px&#8220; el_class=&#8220;norebro-phone-space&#8220;][vc_empty_space height=&#8220;90px&#8220; el_class=&#8220;norebro-phone-space&#8220;][\/vc_column][\/vc_row][vc_row full_width=&#8220;stretch_row_content_no_spaces&#8220; el_class=&#8220;norebro-content-wrap-left padding-reset-right&#8220;][vc_column&#8230;<\/p>\n","protected":false},"author":2,"featured_media":0,"parent":0,"menu_order":0,"comment_status":"closed","ping_status":"closed","template":"","meta":{"inline_featured_image":false,"footnotes":""},"acf":[],"_links":{"self":[{"href":"https:\/\/www.czechrelocate.eu\/cs\/wp-json\/wp\/v2\/pages\/5648055"}],"collection":[{"href":"https:\/\/www.czechrelocate.eu\/cs\/wp-json\/wp\/v2\/pages"}],"about":[{"href":"https:\/\/www.czechrelocate.eu\/cs\/wp-json\/wp\/v2\/types\/page"}],"author":[{"embeddable":true,"href":"https:\/\/www.czechrelocate.eu\/cs\/wp-json\/wp\/v2\/users\/2"}],"replies":[{"embeddable":true,"href":"https:\/\/www.czechrelocate.eu\/cs\/wp-json\/wp\/v2\/comments?post=5648055"}],"version-history":[{"count":10,"href":"https:\/\/www.czechrelocate.eu\/cs\/wp-json\/wp\/v2\/pages\/5648055\/revisions"}],"predecessor-version":[{"id":5674721,"href":"https:\/\/www.czechrelocate.eu\/cs\/wp-json\/wp\/v2\/pages\/5648055\/revisions\/5674721"}],"wp:attachment":[{"href":"https:\/\/www.czechrelocate.eu\/cs\/wp-json\/wp\/v2\/media?parent=5648055"}],"curies":[{"name":"wp","href":"https:\/\/api.w.org\/{rel}","templated":true}]}}