{"id":5648018,"date":"2017-08-04T14:55:50","date_gmt":"2017-08-04T14:55:50","guid":{"rendered":"http:\/\/demo04\/?page_id=6"},"modified":"2023-06-01T13:17:58","modified_gmt":"2023-06-01T11:17:58","slug":"home","status":"publish","type":"page","link":"https:\/\/www.czechrelocate.eu\/cs\/","title":{"rendered":"Czech Relocate Agency"},"content":{"rendered":"<div class=\"wpb-content-wrapper\">[vc_row full_width=&#8220;stretch_row_content_no_spaces&#8220;][vc_column]<div class=\"norebro-vertical-slider-sc norebro-onepage disable-on-mobile \" \n\tid=\"norebro-custom-69ef6264825e1\"\n\tdata-options='{\"nav\":false,\"navContainerClass\":\"slider-nav\",\"navClass\":[\"up\",\"down\"],\"dots\":true,\"mousewheel\":true,\"dotsClass\":\"slider-vertical-numbers\",\"speed\":500}' \n\tdata-norebro-onepage=\"true\">\n\n\t<div class=\"onepage-stage\">\n\t\t<section class=\"onepage-section \" id=\"norebro-custom-69ef6264826a8\"\n\t\t data-header-nav-color=\"#ffffff\"\t data-header-logo-type=\"light\">\n\n\t[rev_slider_vc alias=&#8220;home_slider&#8220;][vc_row_inner content_placement=&#8220;bottom&#8220; css=&#8220;.vc_custom_1533626553801{margin-bottom: 0px !important;padding-top: 4px !important;padding-bottom: 4px !important;padding-left: 15px !important;background-color: #363a42 !important;}&#8220; el_class=&#8220;nor-foundation-block norebro-content-wrap-left norebro-content-wrap-right&#8220;][vc_column_inner]<div class=\"norebro-text-sc \" \n\tid=\"norebro-custom-69ef62648276b\" \n\t \n\t>\n\n\t<p><span style=\"color: #7b7e84;\">VIP Homes je reloka\u010dn\u00ed agentura zalo\u017eena v&nbsp;roce<span class=\"vc_hidden-xs\">\u00a02018 \/ Zjist\u011bte o&nbsp;n\u00e1s v\u00edce&#8230;<\/span><\/span><\/p>\n\t\n<\/div>[\/vc_column_inner][\/vc_row_inner]\n<\/section><section class=\"onepage-section \" id=\"norebro-custom-69ef6264827f9\"\n\t\t data-header-nav-color=\"#ffffff\"\t data-header-logo-type=\"light\">\n\n\t[rev_slider_vc alias=&#8220;home2&#8243;]\n<\/section>\t<\/div>\n\n<\/div>[\/vc_column][\/vc_row][vc_row full_width=&#8220;stretch_row&#8220; equal_height=&#8220;yes&#8220; css=&#8220;.vc_custom_1533629524329{background-color: #2a2f69 !important;}&#8220;][vc_column][vc_row_inner][vc_column_inner el_class=&#8220;norebro-content-wrap-left norebro-content-wrap-right padding-reset-left padding-reset-right&#8220;][vc_empty_space height=&#8220;80px&#8220; el_class=&#8220;norebro-phone-space&#8220;]<div class=\"norebro-heading-sc heading text-left\"\n\tid=\"norebro-custom-69ef626482879\" \n\t \n\t>\n\t\n\t\t\t<p class=\"subtitle\">\n\t\t\tSpecialista na reloka\u010dn\u00ed slu\u017eby\t\t<\/p>\n\t\n\t\n\t<h3 class=\"title subtitle-top\">\n\t\tVIP Homes & Czech Relocate\t<\/h3>\n\n\t\n\t\t\n<\/div>[vc_empty_space height=&#8220;10px&#8220;]<div class=\"norebro-text-sc \" \n\tid=\"norebro-custom-69ef626482938\" \n\t \n\t>\n\n\t<p class=\"intro\" style=\"text-align: left;\">Postar\u00e1me se o&nbsp;v\u00e1s tak, aby p\u0159es\u00eddlen\u00ed do \u010cesk\u00e9 republiky prob\u00edhalo bez starost\u00ed, stresu a&nbsp;pohodln\u011b: \u201ehome from home\u201c. Za v\u00edce ne\u017e dv\u011b dek\u00e1dy zku\u0161enost\u00ed na pra\u017esk\u00e9m realitn\u00edm trhu jsme zdokumentovali des\u00edtky tis\u00edc nemovitost\u00ed; um\u00edme vyhledat tu pravou, kter\u00e1 bude vyhovovat pr\u00e1v\u011b Va\u0161emu \u017eivotn\u00edmu stylu i&nbsp;finan\u010dn\u00edmu rozpo\u010dtu.<\/p>\n\t\n<\/div>[vc_empty_space height=&#8220;80px&#8220; el_class=&#8220;norebro-phone-space&#8220;][\/vc_column_inner][\/vc_row_inner][\/vc_column][\/vc_row][vc_row equal_height=&#8220;yes&#8220; css=&#8220;.vc_custom_1534239810236{background-color: #ffffff !important;}&#8220;][vc_column][vc_empty_space height=&#8220;100px&#8220;]<div class=\"norebro-heading-sc heading text-center\"\n\tid=\"norebro-custom-69ef6264829b5\" \n\t \n\t>\n\t\n\t\t\t<p class=\"subtitle\">\n\t\t\tReference klient\u016f, kter\u00fdm jsme pomohli\t\t<\/p>\n\t\n\t\n\t<h3 class=\"title subtitle-top\">\n\t\tJak na\u0161e slu\u017eby hodnot\u00ed klienti\t<\/h3>\n\n\t\n\t\t\n<\/div>[vc_empty_space height=&#8220;20px&#8220;]<div class=\"norebro-slider-sc slider-wrap\">\n\t<div class=\"slider norebro-slider  without-nav\" \n\tid=\"norebro-custom-69ef626482a3a\" \n\tdata-norebro-slider='{\"loop\":true,\"dots\":true,\"nav\":false,\"autoplay\":true,\"autoplayHoverPause\":true,\"itemsDesktop\":\"1\",\"itemsTablet\":\"1\",\"itemsMobile\":\"1\",\"dotsEach\":\"1\",\"slideBy\":\"1\",\"autoplayTimeout\":\"5\"}' \n\t\t>\n\n\t\t<div class=\"slider-wrap\">\n\n\t<div class=\"norebro-testimonial-sc testimonials \" \n\tid=\"norebro-custom-69ef626482b5b\"\n\t \n\t>\n\t\n\t\n\t<blockquote>\n\t\tSpole\u010dnost V.I.P Homes s.r.o. spolupracuje s firmou PEUGEOT \u010cESK\u00c1 REPUBLIKA s.r.o. ji\u017e \u0159adu let a jej\u00ed slu\u017eby byly v\u017edy na vysok\u00e9 \u00farovni a k na\u0161\u00ed pln\u00e9 spokojenosti. J\u00e1 osobn\u011b jsem m\u011bl mo\u017enost str\u00e1vit v \u010cesk\u00e9 republice \u010dty\u0159i roky, kter\u00e9 byly i d\u00edky spole\u010dnosti V.I.P Homes roky p\u0159ijemn\u00fdmi a kter\u00e9 budou kr\u00e1snou vzpom\u00ednkou jak pro mne, tak i pro celou moji rodinu.\t<\/blockquote>\n\n\t\n\t<h4 class=\"title\">\u2014 Michel Schotman<\/h4>\n\t<p class=\"subtitle small\">\n\t\tGener\u00e1ln\u00ed \u0159editel PEUGEOT \u010cesk\u00e1 republika\t<\/p>\n\n<\/div>\t\n<\/div><div class=\"slider-wrap\">\n\n\t<div class=\"norebro-testimonial-sc testimonials \" \n\tid=\"norebro-custom-69ef626482c23\"\n\t \n\t>\n\t\n\t\n\t<blockquote>\n\t\tDoreen and I are very grateful for all the help you gave us during our search for a home in Prague. Your services are truly customer oriented and we will be very happy to recommend your company to our friend and colleagues.\t<\/blockquote>\n\n\t\n\t<h4 class=\"title\">\u2014 Jose Sedano<\/h4>\n\t<p class=\"subtitle small\">\n\t\t\t<\/p>\n\n<\/div>\t\n<\/div><div class=\"slider-wrap\">\n\n\t<div class=\"norebro-testimonial-sc testimonials \" \n\tid=\"norebro-custom-69ef626482cfd\"\n\t \n\t>\n\t\n\t\n\t<blockquote>\n\t\tDie Botschaft der Bundesrepublik Deutschland in Prag arbeitet seit 1991 mit Frau Maria Mihinov\u00e1 vom Maklerb\u00fcro V.I.P Homes zusammen. Etwa 50 % der an die Botschaft versetzten Mitarbeiter finden durch dieses Maklerb\u00fcro eine Wohnung bzw. ein Haus. Frau Mihinov\u00e1, die gut Deutsch spricht, zeichnet sich durch Professionalit\u00e4t, Freundlichkeit und Engagement aus; sie ist auch nach Abschlub eines Mietvertrages zuverl\u00e4ssiger Gespr\u00e4chspartner, wenn es um die L\u00f6sung eventueller Probleme aus dem Vertragsverh\u00e4ltnis geht.\t<\/blockquote>\n\n\t\n\t<h4 class=\"title\">\u2014 Manfred Rogetzky<\/h4>\n\t<p class=\"subtitle small\">\n\t\tKanzler I. Klasse\t<\/p>\n\n<\/div>\t\n<\/div>\t\t\n\t<\/div>\n<\/div>[vc_empty_space height=&#8220;20px&#8220;][\/vc_column][\/vc_row][vc_row full_width=&#8220;stretch_row_content_no_spaces&#8220;][vc_column]<div class=\"norebro-socialbar-sc socialbar  text-center boxed social-column-4 default\" \n\tid=\"norebro-custom-69ef626482f74\" \n\t \n\t>\n\n\t\t\t<a href=\"https:\/\/twitter.com\/intent\/tweet?text=https:\/\/www.czechrelocate.eu\/cs\/\" target=\"_blank\" class=\"twitter\">\n\t\t\t\t\t\t<i class=\"fab fa-x-twitter\"><\/i>\n\t\t\t\t\t\t\t\t\t<span class=\"social-text\">Twitter<\/span>\n\t\t\t\t\t<\/a>\n\t\n\t\t\t<a href=\"https:\/\/www.facebook.com\/sharer\/sharer.php?u=https:\/\/www.czechrelocate.eu\/cs\/\" target=\"_blank\" class=\"facebook\">\n\t\t\t\t\t\t<i class=\"fab fa-facebook\"><\/i>\n\t\t\t\t\t\t\t\t\t<span class=\"social-text\">Facebook<\/span>\n\t\t\t\t\t<\/a>\n\t\n\t\n\t\n\t\t\t<a href=\"https:\/\/www.linkedin.com\/shareArticle?mini=true&url=https%3A%2F%2Fwww.czechrelocate.eu%2Fcs%2F&title=title&source=Czech+Relocate\" target=\"_blank\" class=\"linkedin\">\n\t\t\t\t\t\t<i class=\"fab fa-linkedin\"><\/i>\n\t\t\t\t\t\t\t\t\t<span class=\"social-text\">LinkedIn<\/span>\n\t\t\t\t\t<\/a>\n\t\n\t\t\t<a href=\"http:\/\/pinterest.com\/pin\/create\/button\/?url=https%3A%2F%2Fwww.czechrelocate.eu%2Fcs%2F&description=title\" target=\"_blank\" class=\"pinterest\">\n\t\t\t\t\t\t<i class=\"fab fa-pinterest-p\"><\/i>\n\t\t\t\t\t\t\t\t\t<span class=\"social-text\">Pinterest<\/span>\n\t\t\t\t\t<\/a>\n\t\n\t\n\t\n\t\n\t\n\t\n\t\n\t\n\t\n\t\n\t\n\t\n\t\n\t<\/div>[\/vc_column][\/vc_row]\n<\/div>","protected":false},"excerpt":{"rendered":"<p>[vc_row full_width=&#8220;stretch_row_content_no_spaces&#8220;][vc_column][\/vc_column][\/vc_row][vc_row full_width=&#8220;stretch_row&#8220; equal_height=&#8220;yes&#8220; css=&#8220;.vc_custom_1533629524329{background-color: #2a2f69 !important;}&#8220;][vc_column][vc_row_inner][vc_column_inner el_class=&#8220;norebro-content-wrap-left norebro-content-wrap-right padding-reset-left padding-reset-right&#8220;][vc_empty_space height=&#8220;80px&#8220; el_class=&#8220;norebro-phone-space&#8220;][vc_empty_space height=&#8220;10px&#8220;][vc_empty_space&#8230;<\/p>\n","protected":false},"author":2,"featured_media":0,"parent":0,"menu_order":0,"comment_status":"closed","ping_status":"closed","template":"","meta":{"inline_featured_image":false,"footnotes":""},"acf":[],"_links":{"self":[{"href":"https:\/\/www.czechrelocate.eu\/cs\/wp-json\/wp\/v2\/pages\/5648018"}],"collection":[{"href":"https:\/\/www.czechrelocate.eu\/cs\/wp-json\/wp\/v2\/pages"}],"about":[{"href":"https:\/\/www.czechrelocate.eu\/cs\/wp-json\/wp\/v2\/types\/page"}],"author":[{"embeddable":true,"href":"https:\/\/www.czechrelocate.eu\/cs\/wp-json\/wp\/v2\/users\/2"}],"replies":[{"embeddable":true,"href":"https:\/\/www.czechrelocate.eu\/cs\/wp-json\/wp\/v2\/comments?post=5648018"}],"version-history":[{"count":1,"href":"https:\/\/www.czechrelocate.eu\/cs\/wp-json\/wp\/v2\/pages\/5648018\/revisions"}],"predecessor-version":[{"id":5674680,"href":"https:\/\/www.czechrelocate.eu\/cs\/wp-json\/wp\/v2\/pages\/5648018\/revisions\/5674680"}],"wp:attachment":[{"href":"https:\/\/www.czechrelocate.eu\/cs\/wp-json\/wp\/v2\/media?parent=5648018"}],"curies":[{"name":"wp","href":"https:\/\/api.w.org\/{rel}","templated":true}]}}